{"id":37,"date":"2022-06-21T09:41:09","date_gmt":"2022-06-21T07:41:09","guid":{"rendered":"https:\/\/flaujac.org\/?page_id=37"},"modified":"2022-06-21T09:41:10","modified_gmt":"2022-06-21T07:41:10","slug":"bibliographie-et-documentation","status":"publish","type":"page","link":"https:\/\/flaujac.org\/index.php\/bibliographie-et-documentation\/","title":{"rendered":"Bibliographie et Documentation"},"content":{"rendered":"\n<h2 class=\"wp-block-heading\">Documents<\/h2>\n\n\n\n<p>La majeure partie de la documentation vient du livre d\u2019Albert Ginisty, Flaujac, du n\u00b0 47 de l\u2019association Sauvegarde du Rouergue consacr\u00e9 au Fort de Flaujac et le&nbsp;<em>La Lettre \u00e0 mes neveux<\/em>&nbsp;d\u2019Henri Affre.<\/p>\n\n\n\n<p>Nous avons ajout\u00e9 aux documents une notice bibliographique d\u2019Henri Affre, l\u2019historien de l\u2019Aveyron et surtout d\u2019Espalion au XIXe si\u00e8cle, reproduite avec l\u2019autorisation de l\u2019auteur Yves Albinet.<\/p>\n\n\n\n<h2 class=\"wp-block-heading\">Photos<\/h2>\n\n\n\n<p><em>Les photographies de l\u2019\u00e9glise ont \u00e9t\u00e9 r\u00e9alis\u00e9es par Jacques Martin.&nbsp;<\/em><em>Les photos du village ont \u00e9t\u00e9 faites par Jean Bouldoire et Astorg. Les autres photos sont celles de nos adh\u00e9rents.<\/em><\/p>\n\n\n\n<p><em>L\u2019utilisation des photos et des textes sans autorisation est interdite, tous les droits sont r\u00e9serv\u00e9s. Pour toute demande merci de prendre contact avec l\u2019association, utilisez la page\u00a0<\/em><a href=\"https:\/\/flaujac.org\/index.php\/contact-et-adhesion-a-lassociation\/\">Contact<\/a><\/p>\n\n\n\n<h2 class=\"wp-block-heading\">Bibliographie<\/h2>\n\n\n\n<ul class=\"wp-block-list\"><li>Yves Albinet,\u00a0<em>L\u2019historien Henri Affre et la Soci\u00e9t\u00e9 des Lettres sciences et arts de l\u2019Aveyron,\u00a0<\/em>Soci\u00e9t\u00e9 des Lettres, Rodez, 2000.<ul><li>Henri Affre<\/li><\/ul><\/li><li>Bulletin d\u2019Espalion, 26 f\u00e9vrier 1955,\u00a0<em>Flaujac village fortifi\u00e9<\/em>, Marcel Carnus<ul><li>Bulletin d\u2019Espalion 26.2.55<\/li><\/ul><\/li><li>Henri Affre,\u00a0<em>Lettres \u00e0 mes neveux<\/em>,<\/li><li>Marcel Carnus Emile Cabanettes,\u00a0<em>Saint-C\u00f4me-d\u2019Olt, son Histoire,\u00a0<\/em>Rodez 1966,\u00a0Editions Subervie, 1966.<ul><li>Le Pont de Flaujac sur la Boralde<\/li><li>Saulieux \u2013 Tramons \u2013 La Brucaterie<\/li><li>Le notariat<\/li><\/ul><\/li><li>P.J. Fromen,\u00a0<em>M\u00e9langes ou Collection de Discours, Allocutions, lettres et r\u00e9ponses, etc,\u00a0<\/em>Espalion, Imprimerie Veuve Goninfaure, n\u00e9e Arthaud, 1869, 1870.<ul><li>Bapt\u00eame d\u2019une cloche<\/li><\/ul><\/li><li>Albert Ginisty,\u00a0<em>Flaujac,\u00a0<\/em>Rodez, Editions Subervie, 1962.<\/li><li>Pauline de La Mal\u00e8ne,\u00a0<em>Parcours Romans Nord Aveyron<\/em>, Editions du Rouergue, 2003.<\/li><li>Sauvegarde du Rouergue n\u00b047,\u00a0<em>Le Fort de Flaujac<\/em>, Millau, Imprimerie Maury, 1992<\/li><\/ul>\n","protected":false},"excerpt":{"rendered":"<p>Documents La majeure partie de la documentation vient du livre d\u2019Albert Ginisty, Flaujac, du n\u00b0 47 de l\u2019association Sauvegarde du Rouergue consacr\u00e9 au Fort de Flaujac et le&nbsp;La Lettre \u00e0 mes neveux&nbsp;d\u2019Henri Affre. Nous avons ajout\u00e9 aux documents une notice bibliographique d\u2019Henri Affre, l\u2019historien de l\u2019Aveyron et surtout d\u2019Espalion au XIXe si\u00e8cle, reproduite avec l\u2019autorisation [&hellip;]<\/p>\n","protected":false},"author":1,"featured_media":0,"parent":0,"menu_order":0,"comment_status":"closed","ping_status":"closed","template":"","meta":{"footnotes":""},"class_list":["post-37","page","type-page","status-publish","hentry"],"_links":{"self":[{"href":"https:\/\/flaujac.org\/index.php\/wp-json\/wp\/v2\/pages\/37","targetHints":{"allow":["GET"]}}],"collection":[{"href":"https:\/\/flaujac.org\/index.php\/wp-json\/wp\/v2\/pages"}],"about":[{"href":"https:\/\/flaujac.org\/index.php\/wp-json\/wp\/v2\/types\/page"}],"author":[{"embeddable":true,"href":"https:\/\/flaujac.org\/index.php\/wp-json\/wp\/v2\/users\/1"}],"replies":[{"embeddable":true,"href":"https:\/\/flaujac.org\/index.php\/wp-json\/wp\/v2\/comments?post=37"}],"version-history":[{"count":1,"href":"https:\/\/flaujac.org\/index.php\/wp-json\/wp\/v2\/pages\/37\/revisions"}],"predecessor-version":[{"id":38,"href":"https:\/\/flaujac.org\/index.php\/wp-json\/wp\/v2\/pages\/37\/revisions\/38"}],"wp:attachment":[{"href":"https:\/\/flaujac.org\/index.php\/wp-json\/wp\/v2\/media?parent=37"}],"curies":[{"name":"wp","href":"https:\/\/api.w.org\/{rel}","templated":true}]}}