{"id":26,"date":"2022-06-21T09:33:17","date_gmt":"2022-06-21T07:33:17","guid":{"rendered":"https:\/\/flaujac.org\/?page_id=26"},"modified":"2022-06-21T09:33:17","modified_gmt":"2022-06-21T07:33:17","slug":"lecole","status":"publish","type":"page","link":"https:\/\/flaujac.org\/index.php\/lecole\/","title":{"rendered":"L\u2019\u00e9cole"},"content":{"rendered":"\n<p>\u00ab&nbsp;D\u2019apr\u00e8s le livre du p\u00e8re Ginisty*, en 1829, Anne-Carri\u00e9, \u00e9pouse Vieillescazes donnait par testament sa maison \u00e0 la Fabrique de l\u2019\u00e9glise de Flaujac, pour servir de logement au ma\u00eetre d\u2019\u00e9cole, d\u00e9sign\u00e9 par le cur\u00e9. Les institutrices qui se succ\u00e9d\u00e8rent firent la classe dans ce petit local et y habit\u00e8rent jusqu\u2019en 1865. A cette \u00e9poque, deux religieuses vinrent \u00e0 Flaujac et firent deux classes, dont une dehors.<\/p>\n\n\n\n<p>L\u2019extr\u00eame exiguit\u00e9 de ce local frappa Etienne Poulenc, de Masse, qui intervint en 1873 en achetant la maison de la veuve Boudou, puis ensuite la maison de Marie Vigui\u00e9. En possession de ces trois sols de maison contigus, il fit construire, en &nbsp;1875, une maison d\u2019\u00e9cole de 13 m\u00e8tres de long. Le cur\u00e9 P\u00e9gorier surveilla la construction pour le compte d\u2019Etienne Poulenc qui paya tous les frais.<\/p>\n\n\n\n<p>Le b\u00e2timent mis sous s\u00e9questre en 1906, par la suppession du Conseil de Fabrique, est devenu la propri\u00e9t\u00e9 de la commune d\u2019Espalion, qui l\u2019a mis depuis \u00e0 la disposition de l\u2019enseignement public.&nbsp;\u00bb<\/p>\n\n\n\n<p>Sa fermeture date de 1985 . Le b\u00e2timent set pendant quelques ann\u00e9es de salle communale. Il appartient maintenant \u00e0 des particuliers.<\/p>\n\n\n\n<p>* Albert Ginisty, Flaujac, Ed Subervie, p 55.<\/p>\n","protected":false},"excerpt":{"rendered":"<p>\u00ab&nbsp;D\u2019apr\u00e8s le livre du p\u00e8re Ginisty*, en 1829, Anne-Carri\u00e9, \u00e9pouse Vieillescazes donnait par testament sa maison \u00e0 la Fabrique de l\u2019\u00e9glise de Flaujac, pour servir de logement au ma\u00eetre d\u2019\u00e9cole, d\u00e9sign\u00e9 par le cur\u00e9. Les institutrices qui se succ\u00e9d\u00e8rent firent la classe dans ce petit local et y habit\u00e8rent jusqu\u2019en 1865. A cette \u00e9poque, deux [&hellip;]<\/p>\n","protected":false},"author":1,"featured_media":0,"parent":0,"menu_order":0,"comment_status":"closed","ping_status":"closed","template":"","meta":{"footnotes":""},"class_list":["post-26","page","type-page","status-publish","hentry"],"_links":{"self":[{"href":"https:\/\/flaujac.org\/index.php\/wp-json\/wp\/v2\/pages\/26","targetHints":{"allow":["GET"]}}],"collection":[{"href":"https:\/\/flaujac.org\/index.php\/wp-json\/wp\/v2\/pages"}],"about":[{"href":"https:\/\/flaujac.org\/index.php\/wp-json\/wp\/v2\/types\/page"}],"author":[{"embeddable":true,"href":"https:\/\/flaujac.org\/index.php\/wp-json\/wp\/v2\/users\/1"}],"replies":[{"embeddable":true,"href":"https:\/\/flaujac.org\/index.php\/wp-json\/wp\/v2\/comments?post=26"}],"version-history":[{"count":1,"href":"https:\/\/flaujac.org\/index.php\/wp-json\/wp\/v2\/pages\/26\/revisions"}],"predecessor-version":[{"id":27,"href":"https:\/\/flaujac.org\/index.php\/wp-json\/wp\/v2\/pages\/26\/revisions\/27"}],"wp:attachment":[{"href":"https:\/\/flaujac.org\/index.php\/wp-json\/wp\/v2\/media?parent=26"}],"curies":[{"name":"wp","href":"https:\/\/api.w.org\/{rel}","templated":true}]}}