{"id":24,"date":"2022-06-21T09:32:58","date_gmt":"2022-06-21T07:32:58","guid":{"rendered":"https:\/\/flaujac.org\/?page_id=24"},"modified":"2022-06-21T09:32:58","modified_gmt":"2022-06-21T07:32:58","slug":"le-presbytere","status":"publish","type":"page","link":"https:\/\/flaujac.org\/index.php\/le-presbytere\/","title":{"rendered":"Le presbyt\u00e8re"},"content":{"rendered":"\n<p>Il a \u00e9t\u00e9 construit \u00e0 la fin du XIXe si\u00e8cle par \u00ab les cur\u00e9s Lafon \u00bb. Les habitants de Flaujac ont particip\u00e9 \u00e0 sa construction. Au moment de la s\u00e9paration de l\u2019\u00c9glise et de l\u2019Etat il est revenu \u00e0 l\u2019\u2019Etat. Une s\u0153ur du cur\u00e9 a fait valoir ses droits en signalant que la famille n\u2019avait pas fini de payer le terrain. Elle a pu reprendre possession du presbyt\u00e8re et l\u2019offrir \u00e0 la paroisse. Une vigne d\u00e9pendait du presbyt\u00e8re et en 1990 les foudres \u00e9taient encore entrepos\u00e9s dans la cave.<\/p>\n\n\n\n<p>Apr\u00e8s le d\u00e9part du dernier cur\u00e9, le p\u00e8re Ginisty, en 1970, le presbyt\u00e8re a \u00e9t\u00e9 lou\u00e9 \u00e0 la famille Galan (ancien postier d\u2019Espalion), puis \u00e0 la famille Th\u00e9denat.<\/p>\n\n\n\n<p>Le logement demandait une r\u00e9habilitation. Apr\u00e8s quelques locations d\u2019\u00e9t\u00e9, la paroisse d\u2019Espalion a entrepris, sa r\u00e9habilitation en 2000&nbsp;.<\/p>\n\n\n\n<p>Trois appartements ont \u00e9t\u00e9 cr\u00e9\u00e9s. Le rez-de-chauss\u00e9e a \u00e9t\u00e9 transform\u00e9 pour \u00eatre mise \u00e0 la disposition des habitants de Flaujac pour qu\u2019ils puissent se r\u00e9unir. L\u2019antenne du Foyer rural de Flaujac et l\u2019association du Patrimoine de Flaujac l\u2019utilisent et les Foyers Ruraux d\u2019Espalion y ont entrepos\u00e9 leurs archives. Ils ont particip\u00e9 \u00e0 son am\u00e9nagement. Les habitants \u00e0 l\u2019occasion sont heureux de pouvoir trouver une grande salle pour les r\u00e9unions familiales ou amicales.<\/p>\n","protected":false},"excerpt":{"rendered":"<p>Il a \u00e9t\u00e9 construit \u00e0 la fin du XIXe si\u00e8cle par \u00ab les cur\u00e9s Lafon \u00bb. Les habitants de Flaujac ont particip\u00e9 \u00e0 sa construction. Au moment de la s\u00e9paration de l\u2019\u00c9glise et de l\u2019Etat il est revenu \u00e0 l\u2019\u2019Etat. Une s\u0153ur du cur\u00e9 a fait valoir ses droits en signalant que la famille n\u2019avait [&hellip;]<\/p>\n","protected":false},"author":1,"featured_media":0,"parent":0,"menu_order":0,"comment_status":"closed","ping_status":"closed","template":"","meta":{"footnotes":""},"class_list":["post-24","page","type-page","status-publish","hentry"],"_links":{"self":[{"href":"https:\/\/flaujac.org\/index.php\/wp-json\/wp\/v2\/pages\/24","targetHints":{"allow":["GET"]}}],"collection":[{"href":"https:\/\/flaujac.org\/index.php\/wp-json\/wp\/v2\/pages"}],"about":[{"href":"https:\/\/flaujac.org\/index.php\/wp-json\/wp\/v2\/types\/page"}],"author":[{"embeddable":true,"href":"https:\/\/flaujac.org\/index.php\/wp-json\/wp\/v2\/users\/1"}],"replies":[{"embeddable":true,"href":"https:\/\/flaujac.org\/index.php\/wp-json\/wp\/v2\/comments?post=24"}],"version-history":[{"count":1,"href":"https:\/\/flaujac.org\/index.php\/wp-json\/wp\/v2\/pages\/24\/revisions"}],"predecessor-version":[{"id":25,"href":"https:\/\/flaujac.org\/index.php\/wp-json\/wp\/v2\/pages\/24\/revisions\/25"}],"wp:attachment":[{"href":"https:\/\/flaujac.org\/index.php\/wp-json\/wp\/v2\/media?parent=24"}],"curies":[{"name":"wp","href":"https:\/\/api.w.org\/{rel}","templated":true}]}}