{"id":18,"date":"2022-06-21T09:31:12","date_gmt":"2022-06-21T07:31:12","guid":{"rendered":"https:\/\/flaujac.org\/?page_id=18"},"modified":"2022-06-21T09:31:12","modified_gmt":"2022-06-21T07:31:12","slug":"le-fort","status":"publish","type":"page","link":"https:\/\/flaujac.org\/index.php\/le-fort\/","title":{"rendered":"Le fort"},"content":{"rendered":"\n<h3 class=\"wp-block-heading\">La construction<\/h3>\n\n\n\n<p>En 1442 les habitants de Flaujac demand\u00e8rent \u00e0 Antoine de Castelnau, seigneur de Calmont, l\u2019autorisation de construire une enceinte fortifi\u00e9e \u00e0 l\u2019int\u00e9rieur de laquelle ils auraient un refuge en cas de danger. L\u2019acte de concession fut r\u00e9dig\u00e9 dans le ch\u00e2teau de Saint-C\u00f4me, le 20 mars 1442 (Henri Affre, Lettres \u00e0 mes neveux).<\/p>\n\n\n\n<p>D\u2019apr\u00e8s cet acte, l\u2019enceinte devait \u00eatre construite au quartier du Toural. Il s\u2019agissait d\u2019une muraille de 15 cannes de hauteur, cinq pieds d\u2019\u00e9paisseur dans le bas et quatre au sommet. La construction devait durer deux ann\u00e9es, trois au plus. Le seigneur choisirait le d\u00e9positaire de la cl\u00e9 du fort.<\/p>\n\n\n\n<p>Le rempart, tel qu\u2019il fut r\u00e9alis\u00e9, forme un quadrilat\u00e8re irr\u00e9gulier. Les c\u00f4t\u00e9s \u00e0 l\u2019est et \u00e0 l\u2019ouest sont les plus longs : 71 m\u00e8tres. Le mur du nord a 60 m\u00e8tres et celui du midi 41 m\u00e8tres. Le rempart \u00e9tait couronn\u00e9 de m\u00e2chicoulis portant un chemin de ronde. Les deux portes : \u00e0 l\u2019ouest, face au village, et \u00e0 l\u2019est, \u00e9taient fortifi\u00e9es. Celle de l\u2019ouest est seule conserv\u00e9e avec ses meurtri\u00e8res, l\u2019emplacement de la herse et la tour. A l\u2019int\u00e9rieur, fut r\u00e9serv\u00e9 l\u2019emplacement de deux rues formant un T. Le reste de la surface fut mis \u00e0 la disposition des habitants pour construire leurs maisons, soit trois rang\u00e9es d\u2019environ dix maisons chacune. On sait qu\u2019il y avait \u00e0 Flaujac, en 1349, trente-trois maisons.<\/p>\n\n\n\n<p>Les maisons s\u2019appuyaient au rempart sans lui \u00eatre li\u00e9es, cons\u00e9quence d\u2019une construction en deux phases. Le rempart ne devait pas comporter d\u2019ouvertures, sauf de petites fen\u00eatres toutes semblables, aux \u00e9tages.<\/p>\n\n\n\n<p>Les sols de maisons forment un ensemble relativement ordonn\u00e9. Ils sont fort in\u00e9gaux, de 6 cannes carr\u00e9es. Les lots \u00e9taient donc in\u00e9gaux et, sans doute les meilleures positions d\u00e9j\u00e0 occup\u00e9es et b\u00e2ties. Les maisons les plus importantes \u00e9taient au nord, surtout pr\u00e8s de la porte occidentale. Les b\u00e2tisses les plus m\u00e9diocres vers le sud. L\u2019ensemble de ces maisons avait une fa\u00e7ade tr\u00e8s courte et une grande profondeur. L\u2019\u00e9clairage des pi\u00e8ces \u00e9tait d\u00e9fectueux.<\/p>\n\n\n\n<p>La croix du fort fut b\u00e9nite le 14 octobre 1524 par Fran\u00e7ois d\u2019Estaing, \u00e9v\u00eaque de Rodez.<\/p>\n\n\n\n<p>A partir du XVII\u00e8me si\u00e8cle, tout danger ayant disparu, on per\u00e7a des portes ext\u00e9rieures \u00e0 travers le rempart, ce qui permit de diviser les maisons. Les rues furent pav\u00e9es, avec pente vers le milieu, pour \u00e9viter l\u2019\u00e9coulement des eaux vers les caves en contrebas.<\/p>\n\n\n\n<p>La partie du village qui \u00e9tait en dehors de l\u2019enceinte fortifi\u00e9e, c\u2019est-\u00e0-dire la rue joignant le fort \u00e0 l\u2019\u00e9glise, avait aussi \u00e9t\u00e9 prot\u00e9g\u00e9e par un mur beaucoup moins important et moins efficace. En 1595, le baron donna l\u2019autorisation de creuser un foss\u00e9 autour du fort et du village et de construire une barbacane au-devant du portail du village. La tour, qui appartient \u00e0 la maison Ricard (\u00e0 qui appartient-elle aujourd\u2019hui, para\u00eet \u00eatre un poste de guet datant de cette \u00e9poque.<\/p>\n\n\n\n<h3 class=\"wp-block-heading\">Au XXe si\u00e8cle<\/h3>\n\n\n\n<p>En 1962, d\u2019apr\u00e8s Albert Ginisty, seules quatre maisons \u00e9taient encore habit\u00e9es.<\/p>\n\n\n\n<p><a href=\"https:\/\/web.archive.org\/web\/20161213081438\/http:\/\/www.flaujac.fr\/wp-content\/uploads\/2010\/01\/2014.06.10-cadastre-fort-web.jpg\"><\/a><\/p>\n\n\n\n<p>Le plan cadastral du Fort en 2014<\/p>\n\n\n\n<p>En 1966 la partie basse du rempart c\u00f4t\u00e9 ouest existait encore. La porte renaissance proche de l\u2019angle sud-ouest \u00e9tait en place. L\u2019effondrement de quelques maisons a entrain\u00e9 la ruine de tous les b\u00e2timents alentours.<\/p>\n\n\n\n<p>Depuis 1980 les maisons ont \u00e9t\u00e9 rachet\u00e9es et restaur\u00e9es les unes apr\u00e8s les autres.<\/p>\n","protected":false},"excerpt":{"rendered":"<p>La construction En 1442 les habitants de Flaujac demand\u00e8rent \u00e0 Antoine de Castelnau, seigneur de Calmont, l\u2019autorisation de construire une enceinte fortifi\u00e9e \u00e0 l\u2019int\u00e9rieur de laquelle ils auraient un refuge en cas de danger. L\u2019acte de concession fut r\u00e9dig\u00e9 dans le ch\u00e2teau de Saint-C\u00f4me, le 20 mars 1442 (Henri Affre, Lettres \u00e0 mes neveux). D\u2019apr\u00e8s [&hellip;]<\/p>\n","protected":false},"author":1,"featured_media":0,"parent":0,"menu_order":0,"comment_status":"closed","ping_status":"closed","template":"","meta":{"footnotes":""},"class_list":["post-18","page","type-page","status-publish","hentry"],"_links":{"self":[{"href":"https:\/\/flaujac.org\/index.php\/wp-json\/wp\/v2\/pages\/18","targetHints":{"allow":["GET"]}}],"collection":[{"href":"https:\/\/flaujac.org\/index.php\/wp-json\/wp\/v2\/pages"}],"about":[{"href":"https:\/\/flaujac.org\/index.php\/wp-json\/wp\/v2\/types\/page"}],"author":[{"embeddable":true,"href":"https:\/\/flaujac.org\/index.php\/wp-json\/wp\/v2\/users\/1"}],"replies":[{"embeddable":true,"href":"https:\/\/flaujac.org\/index.php\/wp-json\/wp\/v2\/comments?post=18"}],"version-history":[{"count":1,"href":"https:\/\/flaujac.org\/index.php\/wp-json\/wp\/v2\/pages\/18\/revisions"}],"predecessor-version":[{"id":19,"href":"https:\/\/flaujac.org\/index.php\/wp-json\/wp\/v2\/pages\/18\/revisions\/19"}],"wp:attachment":[{"href":"https:\/\/flaujac.org\/index.php\/wp-json\/wp\/v2\/media?parent=18"}],"curies":[{"name":"wp","href":"https:\/\/api.w.org\/{rel}","templated":true}]}}